{"id":765,"date":"2015-09-15T12:21:04","date_gmt":"2015-09-15T10:21:04","guid":{"rendered":"http:\/\/0ed58dcf4b.testurl.ws\/beba\/?page_id=765"},"modified":"2019-12-06T16:03:08","modified_gmt":"2019-12-06T16:03:08","slug":"grafite","status":"publish","type":"page","link":"https:\/\/www.birrabeba.it\/?page_id=765","title":{"rendered":"Grafite"},"content":{"rendered":"Scura, con intensi riflessi rubini, ha schiuma color cappuccino. Il naso \u00e8 dominato dai sentori di tostatura: caff\u00e8, cacao e liquirizia. In bocca il corpo volutamente basso la rende molto scorrevole. La luppolatura \u00e8 lieve, il finale \u00e8 dei malti, con note di radice di liquirizia e cr\u00e8me caramel. In abbinamento con salumi affumicati o dolci al cacao.","protected":false},"excerpt":{"rendered":"<p>Scura, con intensi riflessi rubini, ha schiuma color cappuccino. Il naso \u00e8 dominato dai sentori di tostatura: caff\u00e8, cacao e liquirizia. In bocca il corpo volutamente basso la rende molto scorrevole. La luppolatura \u00e8 lieve, il finale \u00e8 dei malti, con note di radice di liquirizia e cr\u00e8me caramel. In abbinamento con salumi affumicati o [&hellip;]<\/p>\n","protected":false},"author":1,"featured_media":0,"parent":5,"menu_order":3,"comment_status":"closed","ping_status":"closed","template":"birra-new.php","meta":[],"_links":{"self":[{"href":"https:\/\/www.birrabeba.it\/index.php?rest_route=\/wp\/v2\/pages\/765"}],"collection":[{"href":"https:\/\/www.birrabeba.it\/index.php?rest_route=\/wp\/v2\/pages"}],"about":[{"href":"https:\/\/www.birrabeba.it\/index.php?rest_route=\/wp\/v2\/types\/page"}],"author":[{"embeddable":true,"href":"https:\/\/www.birrabeba.it\/index.php?rest_route=\/wp\/v2\/users\/1"}],"replies":[{"embeddable":true,"href":"https:\/\/www.birrabeba.it\/index.php?rest_route=%2Fwp%2Fv2%2Fcomments&post=765"}],"version-history":[{"count":4,"href":"https:\/\/www.birrabeba.it\/index.php?rest_route=\/wp\/v2\/pages\/765\/revisions"}],"predecessor-version":[{"id":5072,"href":"https:\/\/www.birrabeba.it\/index.php?rest_route=\/wp\/v2\/pages\/765\/revisions\/5072"}],"up":[{"embeddable":true,"href":"https:\/\/www.birrabeba.it\/index.php?rest_route=\/wp\/v2\/pages\/5"}],"wp:attachment":[{"href":"https:\/\/www.birrabeba.it\/index.php?rest_route=%2Fwp%2Fv2%2Fmedia&parent=765"}],"curies":[{"name":"wp","href":"https:\/\/api.w.org\/{rel}","templated":true}]}}