{"id":1047,"date":"2016-05-20T09:40:31","date_gmt":"2016-05-20T09:40:31","guid":{"rendered":"http:\/\/www.birrabeba.it\/?page_id=1047"},"modified":"2017-04-05T15:55:02","modified_gmt":"2017-04-05T15:55:02","slug":"camaleonthe","status":"publish","type":"page","link":"https:\/\/www.birrabeba.it\/?page_id=1047","title":{"rendered":"CamaleonTh\u00e8"},"content":{"rendered":"<div id=\"bottiglia\"><img loading=\"lazy\" class=\"alignright\" src=\"http:\/\/0ed58dcf4b.testurl.ws\/beba\/wp-content\/uploads\/2016\/05\/camaleonthe-bicchiere.jpg\" alt=\"camaleonthe-bicchiere\" width=\"263\" height=\"500\" \/><\/div>\r\n<h3>\u00c8 NUOVO<\/h3>\r\n<p>Ultimo nato, amplia la gamma delle bevande Beba, sempre coerente con la filosofia\r\ne la vocazione aziendali.<\/p>\r\n<h3>\u00c8 PURO<\/h3>\r\n<p>Preparato con soli tre ingredienti: acqua pura di montagna, dalle sorgenti della Val Chisone, una miscela originale di vere foglie dei migliori th\u00e8 verdi, succo di limone.<\/p>\r\n<h3>\u00c8 SANO<\/h3>\r\n<p>Fresco e dissetante, privo di zucchero, dolcificanti, edulcoranti, coloranti, conservanti, anidride carbonica, correttori di acidit\u00e0, stabilizzanti&#8230;<\/p>\r\n<h3>\u00c8 PULITO<\/h3>\r\n<p>Rispetta l\u2019ambiente. Il confezionamento in fusti ricaricabili non richiede l\u2019uso di vetro,\r\nplastica, blister, sacchetti, tetrapak, lattine&#8230;<\/p>\r\n<h3>\u00c8 DIVERTENTE<\/h3>\r\n<p>Pu\u00f2 essere personalizzato grazie ad aromi assolutamente naturali derivati da fiori, frutti, spezie come gelsomino, pesca, cannella, capaci di modificare il profilo aromatico del th\u00e8 per renderlo aderente ai gusti dei clienti pi\u00f9 esigenti.<\/p>\r\n<p>&nbsp;<\/p>\r\n\r\n&nbsp;\r\n<div id=\"center-camaleonthe\" class=\"force-center\"><img loading=\"lazy\" class=\"alignnone size-full wp-image-1001\" src=\"http:\/\/0ed58dcf4b.testurl.ws\/beba\/wp-content\/uploads\/2016\/05\/the1.jpg\" alt=\"the1\" width=\"410\" height=\"200\" \/>\r\n<img loading=\"lazy\" class=\"alignnone size-full wp-image-1002\" src=\"http:\/\/0ed58dcf4b.testurl.ws\/beba\/wp-content\/uploads\/2016\/05\/the2.jpg\" alt=\"the2\" width=\"410\" height=\"200\" \/><\/div>\r\n&nbsp;\r\n\r\n<div id=\"bibthe\"><img loading=\"lazy\" class=\"alignright\" src=\"http:\/\/www.birrabeba.it\/wp-content\/uploads\/2017\/04\/BIBthe.jpg\" alt=\"camaleonthe-bicchiere\" width=\"263\" height=\"500\" \/><\/div>\r\n<h3>CAMALEONTH\u00c9 ALLA SPINA LO TROVI SOLO AL TRS<br\/>SE VUOI GUSTARLO ANCHE A CASA \u00c8 DISPONIBILE IN BIB<\/h3>\r\n<p>Il bag in box \u00e8 la scelta pi\u00f9 ecologica per il confezionamento perch\u00e8 <strong>riduce<\/strong> di 5 volte il <strong>volume dei rifiuti<\/strong> prodotti e consente di <strong>separare<\/strong> con facilit\u00e0 il <strong>cartone<\/strong> dalla <strong>plastica<\/strong>.<br\/>\r\n\u00c8 <strong>monouso, igienico, pratico, leggero,<\/strong> facile da trasportare e utilizzare.<br\/>\r\n\u00c8 senza PBA.<\/p>\r\n<p>Lo trovi aromatizzato in 4 versioni:<br\/>\r\n<strong>T\u00e8 verde alla menta<\/strong> Marrakech mint tea &#8211; Cinese<br\/>\r\n<strong>T\u00e8 verde al gelsomino<\/strong> Bancha fiorito &#8211; Giapponese<br\/>\r\n<strong>T\u00e8 nero al Bergamotto<\/strong> Earl grey imperiale &#8211; Indiano<br\/>\r\n<strong>T\u00e8 rosso alla rosa<\/strong> Rooibos Cape Town &#8211; Sud Africa\r\n<\/p>\r\n\r\n&nbsp;\r\n<h4>Per ordinarlo scrivi a <a href=\"mailto:staff@birrabeba.it?subject=CamaleonThe\">staff@birrabeba.it<\/a><\/h4>","protected":false},"excerpt":{"rendered":"<p>\u00c8 NUOVO Ultimo nato, amplia la gamma delle bevande Beba, sempre coerente con la filosofia e la vocazione aziendali. \u00c8 PURO Preparato con soli tre ingredienti: acqua pura di montagna, dalle sorgenti della Val Chisone, una miscela originale di vere foglie dei migliori th\u00e8 verdi, succo di limone. \u00c8 SANO Fresco e dissetante, privo di [&hellip;]<\/p>\n","protected":false},"author":1,"featured_media":0,"parent":0,"menu_order":70,"comment_status":"closed","ping_status":"open","template":"camaleonthe.php","meta":[],"_links":{"self":[{"href":"https:\/\/www.birrabeba.it\/index.php?rest_route=\/wp\/v2\/pages\/1047"}],"collection":[{"href":"https:\/\/www.birrabeba.it\/index.php?rest_route=\/wp\/v2\/pages"}],"about":[{"href":"https:\/\/www.birrabeba.it\/index.php?rest_route=\/wp\/v2\/types\/page"}],"author":[{"embeddable":true,"href":"https:\/\/www.birrabeba.it\/index.php?rest_route=\/wp\/v2\/users\/1"}],"replies":[{"embeddable":true,"href":"https:\/\/www.birrabeba.it\/index.php?rest_route=%2Fwp%2Fv2%2Fcomments&post=1047"}],"version-history":[{"count":6,"href":"https:\/\/www.birrabeba.it\/index.php?rest_route=\/wp\/v2\/pages\/1047\/revisions"}],"predecessor-version":[{"id":1248,"href":"https:\/\/www.birrabeba.it\/index.php?rest_route=\/wp\/v2\/pages\/1047\/revisions\/1248"}],"wp:attachment":[{"href":"https:\/\/www.birrabeba.it\/index.php?rest_route=%2Fwp%2Fv2%2Fmedia&parent=1047"}],"curies":[{"name":"wp","href":"https:\/\/api.w.org\/{rel}","templated":true}]}}