{"id":94,"date":"2011-02-15T15:29:03","date_gmt":"2011-02-15T15:29:03","guid":{"rendered":"http:\/\/www.birrabeba.it\/?page_id=94"},"modified":"2019-12-06T16:06:56","modified_gmt":"2019-12-06T16:06:56","slug":"birra-di-natale","status":"publish","type":"page","link":"http:\/\/www.birrabeba.it\/?page_id=94","title":{"rendered":"Birra di Natale"},"content":{"rendered":"Ambrata carica, molto limpida, schiuma perfetta. Il naso \u00e8 ricco, con sentori di rosa, viola, frutti rossi, lamponi. In bocca colpiscono la sua densit\u00e0 e l&#8217;intensit\u00e0 dei sapori: miele (corbezzolo), pesca sciroppata, nocciola. Il corpo decisamente alto la rende impegnativa, da degustazione. Birra da meditazione. Disponibile da fine novembre, ad esaurimento.","protected":false},"excerpt":{"rendered":"<p>Ambrata carica, molto limpida, schiuma perfetta. Il naso \u00e8 ricco, con sentori di rosa, viola, frutti rossi, lamponi. In bocca colpiscono la sua densit\u00e0 e l&#8217;intensit\u00e0 dei sapori: miele (corbezzolo), pesca sciroppata, nocciola. Il corpo decisamente alto la rende impegnativa, da degustazione. Birra da meditazione. Disponibile da fine novembre, ad esaurimento.<\/p>\n","protected":false},"author":1,"featured_media":526,"parent":5,"menu_order":15,"comment_status":"open","ping_status":"closed","template":"birra-new.php","meta":[],"_links":{"self":[{"href":"http:\/\/www.birrabeba.it\/index.php?rest_route=\/wp\/v2\/pages\/94"}],"collection":[{"href":"http:\/\/www.birrabeba.it\/index.php?rest_route=\/wp\/v2\/pages"}],"about":[{"href":"http:\/\/www.birrabeba.it\/index.php?rest_route=\/wp\/v2\/types\/page"}],"author":[{"embeddable":true,"href":"http:\/\/www.birrabeba.it\/index.php?rest_route=\/wp\/v2\/users\/1"}],"replies":[{"embeddable":true,"href":"http:\/\/www.birrabeba.it\/index.php?rest_route=%2Fwp%2Fv2%2Fcomments&post=94"}],"version-history":[{"count":3,"href":"http:\/\/www.birrabeba.it\/index.php?rest_route=\/wp\/v2\/pages\/94\/revisions"}],"predecessor-version":[{"id":5083,"href":"http:\/\/www.birrabeba.it\/index.php?rest_route=\/wp\/v2\/pages\/94\/revisions\/5083"}],"up":[{"embeddable":true,"href":"http:\/\/www.birrabeba.it\/index.php?rest_route=\/wp\/v2\/pages\/5"}],"wp:featuredmedia":[{"embeddable":true,"href":"http:\/\/www.birrabeba.it\/index.php?rest_route=\/wp\/v2\/media\/526"}],"wp:attachment":[{"href":"http:\/\/www.birrabeba.it\/index.php?rest_route=%2Fwp%2Fv2%2Fmedia&parent=94"}],"curies":[{"name":"wp","href":"https:\/\/api.w.org\/{rel}","templated":true}]}}